{"id":1084,"date":"2025-07-07T18:55:34","date_gmt":"2025-07-07T16:55:34","guid":{"rendered":"https:\/\/sandobike.pl\/?post_type=product&#038;p=1084"},"modified":"2025-07-07T19:36:32","modified_gmt":"2025-07-07T17:36:32","slug":"escapade-600","status":"publish","type":"product","link":"https:\/\/sandobike.pl\/en\/produkt\/escapade-600\/","title":{"rendered":"ESCAPADE 600"},"content":{"rendered":"<p data-start=\"58\" data-end=\"248\">Zapraszamy do czarteru <strong data-start=\"81\" data-end=\"103\">\u0142odzi ESCAPADE 600<\/strong> z nowoczesnym, cichym nap\u0119dem elektrycznym \u2013 idealnej dla os\u00f3b ceni\u0105cych komfortowe warunki i bezemisyjn\u0105 \u017ceglug\u0119 po Wi\u015ble i okolicznych wodach.<\/p>\n<p data-start=\"250\" data-end=\"392\">Ten <strong data-start=\"254\" data-end=\"273\">6-osobowy jacht<\/strong> oferuje pe\u0142ne wyposa\u017cenie niezb\u0119dne do kilkudniowego rejsu w gronie rodziny lub przyjaci\u00f3\u0142. Na pok\u0142adzie znajduj\u0105 si\u0119:<\/p>\n<ul data-start=\"393\" data-end=\"628\">\n<li data-start=\"393\" data-end=\"429\">\n<p data-start=\"395\" data-end=\"429\"><strong data-start=\"395\" data-end=\"426\">4 wygodne miejsca do spania<\/strong>,<\/p>\n<\/li>\n<li data-start=\"430\" data-end=\"511\">\n<p data-start=\"432\" data-end=\"511\"><strong data-start=\"432\" data-end=\"458\">ogrzewanie stacjonarne<\/strong> \u2013 zapewniaj\u0105ce komfort r\u00f3wnie\u017c w ch\u0142odniejsze dni,<\/p>\n<\/li>\n<li data-start=\"512\" data-end=\"542\">\n<p data-start=\"514\" data-end=\"542\"><strong data-start=\"514\" data-end=\"527\">nawigacja<\/strong> i <strong data-start=\"530\" data-end=\"539\">radio<\/strong>,<\/p>\n<\/li>\n<li data-start=\"543\" data-end=\"581\">\n<p data-start=\"545\" data-end=\"581\"><strong data-start=\"545\" data-end=\"556\">toaleta<\/strong> i <strong data-start=\"559\" data-end=\"578\">rufowy prysznic<\/strong>,<\/p>\n<\/li>\n<li data-start=\"582\" data-end=\"628\">\n<p data-start=\"584\" data-end=\"628\"><strong data-start=\"584\" data-end=\"596\">umywalka<\/strong> oraz <strong data-start=\"602\" data-end=\"627\">funkcjonalna kuchenka<\/strong>.<\/p>\n<\/li>\n<\/ul>\n<p data-start=\"630\" data-end=\"763\">Dzi\u0119ki nap\u0119dowi elektrycznemu rejs przebiega cicho i bezemisyjnie, co pozwala w pe\u0142ni cieszy\u0107 si\u0119 natur\u0105 i krajobrazami bez zak\u0142\u00f3ce\u0144.<\/p>\n<p data-start=\"630\" data-end=\"763\">Przy d\u0142u\u017cszym wynajmie oferujemy <strong data-start=\"865\" data-end=\"888\">indywidualn\u0105 wycen\u0119<\/strong> dopasowan\u0105 do potrzeb klienta.<\/p>\n<p data-start=\"921\" data-end=\"1023\" data-is-last-node=\"\" data-is-only-node=\"\">ESCAPADE 600 to idealne rozwi\u0105zanie na spokojny, komfortowy rejs i niezapomniany wypoczynek na wodzie.<\/p>\n","protected":false},"excerpt":{"rendered":"<p>Zapraszamy do czarteru <strong data-start=\"81\" data-end=\"103\">\u0142odzi ESCAPADE 600<\/strong> z nowoczesnym, cichym nap\u0119dem elektrycznym \u2013 idealnej dla os\u00f3b ceni\u0105cych komfortowe warunki i bezemisyjn\u0105 \u017ceglug\u0119 po Wi\u015ble i okolicznych wodach.<\/p>\n","protected":false},"featured_media":1085,"comment_status":"open","ping_status":"closed","template":"","meta":{"_acf_changed":false,"_monsterinsights_skip_tracking":false,"_monsterinsights_sitenote_active":false,"_monsterinsights_sitenote_note":"","_monsterinsights_sitenote_category":0},"product_brand":[],"product_cat":[78],"product_tag":[],"class_list":{"0":"post-1084","1":"product","2":"type-product","3":"status-publish","4":"has-post-thumbnail","6":"product_cat-lodzie","8":"first","9":"instock","10":"shipping-taxable","11":"purchasable","12":"product-type-redq_rental"},"acf":[],"_links":{"self":[{"href":"https:\/\/sandobike.pl\/en\/wp-json\/wp\/v2\/product\/1084","targetHints":{"allow":["GET"]}}],"collection":[{"href":"https:\/\/sandobike.pl\/en\/wp-json\/wp\/v2\/product"}],"about":[{"href":"https:\/\/sandobike.pl\/en\/wp-json\/wp\/v2\/types\/product"}],"replies":[{"embeddable":true,"href":"https:\/\/sandobike.pl\/en\/wp-json\/wp\/v2\/comments?post=1084"}],"wp:featuredmedia":[{"embeddable":true,"href":"https:\/\/sandobike.pl\/en\/wp-json\/wp\/v2\/media\/1085"}],"wp:attachment":[{"href":"https:\/\/sandobike.pl\/en\/wp-json\/wp\/v2\/media?parent=1084"}],"wp:term":[{"taxonomy":"product_brand","embeddable":true,"href":"https:\/\/sandobike.pl\/en\/wp-json\/wp\/v2\/product_brand?post=1084"},{"taxonomy":"product_cat","embeddable":true,"href":"https:\/\/sandobike.pl\/en\/wp-json\/wp\/v2\/product_cat?post=1084"},{"taxonomy":"product_tag","embeddable":true,"href":"https:\/\/sandobike.pl\/en\/wp-json\/wp\/v2\/product_tag?post=1084"}],"curies":[{"name":"wp","href":"https:\/\/api.w.org\/{rel}","templated":true}]}}