{"id":243,"date":"2022-05-04T14:12:53","date_gmt":"2022-05-04T14:12:53","guid":{"rendered":"https:\/\/startersites.io\/blocksy\/gadgets\/?post_type=product&#038;p=243"},"modified":"2026-04-24T00:37:26","modified_gmt":"2026-04-23T22:37:26","slug":"trek-powerfly","status":"publish","type":"product","link":"https:\/\/sandobike.pl\/en\/produkt\/trek-powerfly\/","title":{"rendered":"Trek Powerfly"},"content":{"rendered":"<p>Powerfly to elektryczny rower g\u00f3rski o pe\u0142nej mocy wspomagania stworzony do odkrywania tras z dala od ubitych \u015bcie\u017cek. Rama Alpha Platinum Aluminium \u0142\u0105czy dodaj\u0105c\u0105 pewno\u015bci geometri\u0119 z zawieszeniem FOX (o 120 mm skoku z ty\u0142u i 130 mm z przodu) wyg\u0142adzaj\u0105cym trudne szlaki. Jest gotowy do jazdy, dzi\u0119ki 12-biegowemu nap\u0119dowi Shimano XT\/SLX oraz pot\u0119\u017cnym 4-t\u0142oczkowym hydraulicznym hamulcom tarczowym Shimano M6100.<\/p>\n","protected":false},"excerpt":{"rendered":"<p>Powerfly to elektryczny rower g\u00f3rski o pe\u0142nej mocy wspomagania stworzony do odkrywania tras z dala od ubitych \u015bcie\u017cek.<\/p>\n","protected":false},"featured_media":840,"comment_status":"open","ping_status":"closed","template":"","meta":{"_acf_changed":false,"_monsterinsights_skip_tracking":false,"_monsterinsights_sitenote_active":false,"_monsterinsights_sitenote_note":"","_monsterinsights_sitenote_category":0},"product_brand":[],"product_cat":[30],"product_tag":[],"class_list":{"0":"post-243","1":"product","2":"type-product","3":"status-publish","4":"has-post-thumbnail","6":"product_cat-rowery","7":"pa_akumulator-600-wh","8":"pa_czas-jazdy-4-10-godzin","9":"pa_wspomaganie-do-25km-h","11":"first","12":"instock","13":"shipping-taxable","14":"purchasable","15":"product-type-redq_rental"},"acf":[],"_links":{"self":[{"href":"https:\/\/sandobike.pl\/en\/wp-json\/wp\/v2\/product\/243","targetHints":{"allow":["GET"]}}],"collection":[{"href":"https:\/\/sandobike.pl\/en\/wp-json\/wp\/v2\/product"}],"about":[{"href":"https:\/\/sandobike.pl\/en\/wp-json\/wp\/v2\/types\/product"}],"replies":[{"embeddable":true,"href":"https:\/\/sandobike.pl\/en\/wp-json\/wp\/v2\/comments?post=243"}],"wp:featuredmedia":[{"embeddable":true,"href":"https:\/\/sandobike.pl\/en\/wp-json\/wp\/v2\/media\/840"}],"wp:attachment":[{"href":"https:\/\/sandobike.pl\/en\/wp-json\/wp\/v2\/media?parent=243"}],"wp:term":[{"taxonomy":"product_brand","embeddable":true,"href":"https:\/\/sandobike.pl\/en\/wp-json\/wp\/v2\/product_brand?post=243"},{"taxonomy":"product_cat","embeddable":true,"href":"https:\/\/sandobike.pl\/en\/wp-json\/wp\/v2\/product_cat?post=243"},{"taxonomy":"product_tag","embeddable":true,"href":"https:\/\/sandobike.pl\/en\/wp-json\/wp\/v2\/product_tag?post=243"}],"curies":[{"name":"wp","href":"https:\/\/api.w.org\/{rel}","templated":true}]}}